{"id":4290,"date":"2024-03-12T11:23:56","date_gmt":"2024-03-12T10:23:56","guid":{"rendered":"https:\/\/www.hotel-saint-nicolas.com\/?page_id=4290"},"modified":"2025-09-23T12:07:02","modified_gmt":"2025-09-23T10:07:02","slug":"boutique-hotel-la-rochelle","status":"publish","type":"page","link":"https:\/\/www.hotel-saint-nicolas.com\/en\/boutique-hotel-la-rochelle\/","title":{"rendered":"Boutique hotel in La Rochelle"},"content":{"rendered":"<div data-elementor-type=\"wp-page\" data-elementor-id=\"4290\" class=\"elementor elementor-4290\" data-elementor-post-type=\"page\">\n\t\t\t\t\t\t<section class=\"elementor-section elementor-top-section elementor-element elementor-element-1aba7d2 elementor-section-boxed elementor-section-height-default elementor-section-height-default\" data-id=\"1aba7d2\" data-element_type=\"section\" data-e-type=\"section\" data-settings=\"{&quot;background_background&quot;:&quot;classic&quot;}\">\n\t\t\t\t\t\t<div class=\"elementor-container elementor-column-gap-default\">\n\t\t\t\t\t<div class=\"elementor-column elementor-col-100 elementor-top-column elementor-element elementor-element-5db358e\" data-id=\"5db358e\" data-element_type=\"column\" data-e-type=\"column\">\n\t\t\t<div class=\"elementor-widget-wrap elementor-element-populated\">\n\t\t\t\t\t\t<div class=\"elementor-element elementor-element-21e91ac elementor-widget elementor-widget-heading\" data-id=\"21e91ac\" data-element_type=\"widget\" data-e-type=\"widget\" data-widget_type=\"heading.default\">\n\t\t\t\t\t<h1 class=\"elementor-heading-title elementor-size-default\">Le Saint-Nicolas boutique hotel in La Rochelle<\/h1>\t\t\t\t<\/div>\n\t\t\t\t<div class=\"elementor-element elementor-element-b2322e0 elementor-widget elementor-widget-heading\" data-id=\"b2322e0\" data-element_type=\"widget\" data-e-type=\"widget\" data-widget_type=\"heading.default\">\n\t\t\t\t\t<h2 class=\"elementor-heading-title elementor-size-default\">for your tourist or business stays<\/h2>\t\t\t\t<\/div>\n\t\t\t\t<div class=\"elementor-element elementor-element-c38191d elementor-widget elementor-widget-text-editor\" data-id=\"c38191d\" data-element_type=\"widget\" data-e-type=\"widget\" data-widget_type=\"text-editor.default\">\n\t\t\t\t\t\t\t\t\t<p>In the heart of the city, our boutique hotel in La Rochelle takes its name from its host district. Le Saint-Nicolas invites you to make a cosy and comfortable stopover to devote yourself to the many activities on offer in this charming destination. History and nature meet in this vibrant city, and you'll never tire of exploring it. Whether you're passing through for pleasure or on a business trip, our house promises escape and tranquillity to all its visitors.<\/p>\t\t\t\t\t\t\t\t<\/div>\n\t\t\t\t\t<\/div>\n\t\t<\/div>\n\t\t\t\t\t<\/div>\n\t\t<\/section>\n\t\t\t\t<section class=\"elementor-section elementor-top-section elementor-element elementor-element-5aa8f8b elementor-section-boxed elementor-section-height-default elementor-section-height-default\" data-id=\"5aa8f8b\" data-element_type=\"section\" data-e-type=\"section\" data-settings=\"{&quot;background_background&quot;:&quot;classic&quot;}\">\n\t\t\t\t\t\t<div class=\"elementor-container elementor-column-gap-default\">\n\t\t\t\t\t<div class=\"elementor-column elementor-col-50 elementor-top-column elementor-element elementor-element-06e0cf4\" data-id=\"06e0cf4\" data-element_type=\"column\" data-e-type=\"column\" data-settings=\"{&quot;background_background&quot;:&quot;classic&quot;}\">\n\t\t\t<div class=\"elementor-widget-wrap elementor-element-populated\">\n\t\t\t\t\t\t<div class=\"elementor-element elementor-element-ed2511a elementor-widget elementor-widget-heading\" data-id=\"ed2511a\" data-element_type=\"widget\" data-e-type=\"widget\" data-widget_type=\"heading.default\">\n\t\t\t\t\t<h3 class=\"elementor-heading-title elementor-size-default\">The 4-star services of a boutique hotel in La Rochelle, the friendly spirit of a family-run establishment<\/h3>\t\t\t\t<\/div>\n\t\t\t\t<div class=\"elementor-element elementor-element-9eea2e0 elementor-widget elementor-widget-text-editor\" data-id=\"9eea2e0\" data-element_type=\"widget\" data-e-type=\"widget\" data-widget_type=\"text-editor.default\">\n\t\t\t\t\t\t\t\t\t<p>Staying at the<a href=\"https:\/\/www.hotel-saint-nicolas.com\/en\/\">H\u00f4tel Saint-Nicolas<\/a> means wrapping yourself in softness and serenity, day and night, in the centre of La Rochelle. Our establishment benefits from a privileged location, making it easy to access and limiting the time spent in transport. Arriving by train? Quickly reach your cocoon, just 600 metres from the SNCF station. From the Vieux-Port, it's just a two-minute walk to the Saint-Nicolas for a moment's rest.<\/p><p>Our boutique hotel in La Rochelle boasts 4-star facilities and services without an ounce of pretension. Here, the welcome is warm and the teams place the well-being of travellers at the heart of their concerns. Availability and simplicity are the watchwords at all times of the day and night, from reception to room service.<\/p><p>Nestled in an old mansion in the centre of town, the Saint-Nicolas shows its character right from the doorstep. It has an authentic and intimate atmosphere in the rooms. <a href=\"https:\/\/www.hotel-saint-nicolas.com\/en\/rooms\/\">rooms<\/a>as warm as they are elegant. This sincerity is also reflected in the restaurant's catering service. You won't be able to resist the delicious selection of sweet and savoury treats on offer every morning for your enjoyment. <a href=\"https:\/\/www.hotel-saint-nicolas.com\/en\/services\/breakfast\/\">breakfast<\/a> ! Local produce, mainly from local markets, is used to enhance the dishes on the room service menu. In summer, on the picturesque little square, you can watch the passers-by pass by and watch the sun go down over a drink with friends or colleagues, for a pleasant moment of relaxation.<\/p>\t\t\t\t\t\t\t\t<\/div>\n\t\t\t\t\t<\/div>\n\t\t<\/div>\n\t\t\t\t<div class=\"elementor-column elementor-col-50 elementor-top-column elementor-element elementor-element-733fb0e\" data-id=\"733fb0e\" data-element_type=\"column\" data-e-type=\"column\" data-settings=\"{&quot;background_background&quot;:&quot;classic&quot;}\">\n\t\t\t<div class=\"elementor-widget-wrap elementor-element-populated\">\n\t\t\t\t\t\t<div class=\"elementor-element elementor-element-8b04656 elementor-widget elementor-widget-image\" data-id=\"8b04656\" data-element_type=\"widget\" data-e-type=\"widget\" data-widget_type=\"image.default\">\n\t\t\t\t\t\t\t\t\t\t\t\t\t\t\t<img fetchpriority=\"high\" decoding=\"async\" width=\"2560\" height=\"1707\" src=\"https:\/\/www.hotel-saint-nicolas.com\/wp-content\/uploads\/2023\/07\/Le_Saint-Nicolas_hotel_HD-11-scaled.jpg\" class=\"attachment-full size-full wp-image-3981\" alt=\"\" srcset=\"https:\/\/www.hotel-saint-nicolas.com\/wp-content\/uploads\/2023\/07\/Le_Saint-Nicolas_hotel_HD-11-scaled.jpg 2560w, https:\/\/www.hotel-saint-nicolas.com\/wp-content\/uploads\/2023\/07\/Le_Saint-Nicolas_hotel_HD-11-300x200.jpg 300w, https:\/\/www.hotel-saint-nicolas.com\/wp-content\/uploads\/2023\/07\/Le_Saint-Nicolas_hotel_HD-11-1024x683.jpg 1024w, https:\/\/www.hotel-saint-nicolas.com\/wp-content\/uploads\/2023\/07\/Le_Saint-Nicolas_hotel_HD-11-768x512.jpg 768w, https:\/\/www.hotel-saint-nicolas.com\/wp-content\/uploads\/2023\/07\/Le_Saint-Nicolas_hotel_HD-11-1536x1024.jpg 1536w, https:\/\/www.hotel-saint-nicolas.com\/wp-content\/uploads\/2023\/07\/Le_Saint-Nicolas_hotel_HD-11-2048x1366.jpg 2048w, https:\/\/www.hotel-saint-nicolas.com\/wp-content\/uploads\/2023\/07\/Le_Saint-Nicolas_hotel_HD-11-18x12.jpg 18w\" sizes=\"(max-width: 2560px) 100vw, 2560px\" title=\"Photo -\">\t\t\t\t\t\t\t\t\t\t\t\t\t\t\t<\/div>\n\t\t\t\t\t<\/div>\n\t\t<\/div>\n\t\t\t\t\t<\/div>\n\t\t<\/section>\n\t\t\t\t<section class=\"elementor-section elementor-top-section elementor-element elementor-element-4301d32 elementor-section-boxed elementor-section-height-default elementor-section-height-default\" data-id=\"4301d32\" data-element_type=\"section\" data-e-type=\"section\" data-settings=\"{&quot;background_background&quot;:&quot;classic&quot;}\">\n\t\t\t\t\t\t<div class=\"elementor-container elementor-column-gap-default\">\n\t\t\t\t\t<div class=\"elementor-column elementor-col-100 elementor-top-column elementor-element elementor-element-b57c517\" data-id=\"b57c517\" data-element_type=\"column\" data-e-type=\"column\">\n\t\t\t<div class=\"elementor-widget-wrap elementor-element-populated\">\n\t\t\t\t\t\t<div class=\"elementor-element elementor-element-028f79e elementor-widget elementor-widget-spacer\" data-id=\"028f79e\" data-element_type=\"widget\" data-e-type=\"widget\" data-widget_type=\"spacer.default\">\n\t\t\t\t\t\t\t<div class=\"elementor-spacer\">\n\t\t\t<div class=\"elementor-spacer-inner\"><\/div>\n\t\t<\/div>\n\t\t\t\t\t\t<\/div>\n\t\t\t\t\t<\/div>\n\t\t<\/div>\n\t\t\t\t\t<\/div>\n\t\t<\/section>\n\t\t\t\t<section class=\"elementor-section elementor-top-section elementor-element elementor-element-f777db7 elementor-section-boxed elementor-section-height-default elementor-section-height-default\" data-id=\"f777db7\" data-element_type=\"section\" data-e-type=\"section\" data-settings=\"{&quot;background_background&quot;:&quot;classic&quot;}\">\n\t\t\t\t\t\t<div class=\"elementor-container elementor-column-gap-default\">\n\t\t\t\t\t<div class=\"elementor-column elementor-col-50 elementor-top-column elementor-element elementor-element-8c7b7b7\" data-id=\"8c7b7b7\" data-element_type=\"column\" data-e-type=\"column\" data-settings=\"{&quot;background_background&quot;:&quot;classic&quot;}\">\n\t\t\t<div class=\"elementor-widget-wrap elementor-element-populated\">\n\t\t\t\t\t\t<div class=\"elementor-element elementor-element-7c343a4 elementor-widget elementor-widget-image\" data-id=\"7c343a4\" data-element_type=\"widget\" data-e-type=\"widget\" data-widget_type=\"image.default\">\n\t\t\t\t\t\t\t\t\t\t\t\t\t\t\t<img decoding=\"async\" width=\"2560\" height=\"1707\" src=\"https:\/\/www.hotel-saint-nicolas.com\/wp-content\/uploads\/2023\/07\/Le_Saint-Nicolas_hotel_HD-15-scaled.jpg\" class=\"attachment-full size-full wp-image-3983\" alt=\"\" srcset=\"https:\/\/www.hotel-saint-nicolas.com\/wp-content\/uploads\/2023\/07\/Le_Saint-Nicolas_hotel_HD-15-scaled.jpg 2560w, https:\/\/www.hotel-saint-nicolas.com\/wp-content\/uploads\/2023\/07\/Le_Saint-Nicolas_hotel_HD-15-300x200.jpg 300w, https:\/\/www.hotel-saint-nicolas.com\/wp-content\/uploads\/2023\/07\/Le_Saint-Nicolas_hotel_HD-15-1024x683.jpg 1024w, https:\/\/www.hotel-saint-nicolas.com\/wp-content\/uploads\/2023\/07\/Le_Saint-Nicolas_hotel_HD-15-768x512.jpg 768w, https:\/\/www.hotel-saint-nicolas.com\/wp-content\/uploads\/2023\/07\/Le_Saint-Nicolas_hotel_HD-15-1536x1024.jpg 1536w, https:\/\/www.hotel-saint-nicolas.com\/wp-content\/uploads\/2023\/07\/Le_Saint-Nicolas_hotel_HD-15-2048x1366.jpg 2048w, https:\/\/www.hotel-saint-nicolas.com\/wp-content\/uploads\/2023\/07\/Le_Saint-Nicolas_hotel_HD-15-18x12.jpg 18w\" sizes=\"(max-width: 2560px) 100vw, 2560px\" title=\"Photo -\">\t\t\t\t\t\t\t\t\t\t\t\t\t\t\t<\/div>\n\t\t\t\t\t<\/div>\n\t\t<\/div>\n\t\t\t\t<div class=\"elementor-column elementor-col-50 elementor-top-column elementor-element elementor-element-ce0b724\" data-id=\"ce0b724\" data-element_type=\"column\" data-e-type=\"column\" data-settings=\"{&quot;background_background&quot;:&quot;classic&quot;}\">\n\t\t\t<div class=\"elementor-widget-wrap elementor-element-populated\">\n\t\t\t\t\t\t<div class=\"elementor-element elementor-element-7c09f80 elementor-widget elementor-widget-heading\" data-id=\"7c09f80\" data-element_type=\"widget\" data-e-type=\"widget\" data-widget_type=\"heading.default\">\n\t\t\t\t\t<h3 class=\"elementor-heading-title elementor-size-default\">Visit, stay, work in La Rochelle: the H\u00f4tel Le Saint-Nicolas welcomes you with charm and intimacy<\/h3>\t\t\t\t<\/div>\n\t\t\t\t<div class=\"elementor-element elementor-element-97418ac elementor-widget elementor-widget-text-editor\" data-id=\"97418ac\" data-element_type=\"widget\" data-e-type=\"widget\" data-widget_type=\"text-editor.default\">\n\t\t\t\t\t\t\t\t\t<p>Saint-Nicolas is inspired by the gentle way of life characteristic of<a href=\"https:\/\/www.hotel-saint-nicolas.com\/en\/tourism\/\"> La Rochelle<\/a> and reproduces its codes for the happiness and well-being of its guests. Stay in our haven of peace for a business visit and keep your focus on your objectives! L'<a href=\"https:\/\/www.hotel-saint-nicolas.com\/en\/services\/co-working\/\">coworking space<\/a> of our boutique hotel in La Rochelle, bathed in natural light and overlooking greenery, offers ideal working conditions for studious travellers.\u00a0<\/p><p>\u00a0<\/p><p>Are you dedicating your holiday to discovering the city of La Rochelle? Explore the streets and quays of La Rochelle on foot or by bike. <a href=\"https:\/\/www.hotel-saint-nicolas.com\/en\/services\/mob-test\/\">bike<\/a>. These are available on a self-service basis at the hotel! Just a few pedal strokes away, and with respect for our beloved planet, you can enjoy one pleasant visit after another, with your nose in the sea breeze. Your wanderings will lead you to explore the remains of the Middle Ages and the Renaissance, a rich architectural heritage whose mysteries you will be able to unravel. The must-see Saint-Nicolas, de la Cha\u00eene and de la Lanterne towers, the Cour des Dames and its designer market in summer... As a family, as a couple or with friends, our boutique hotel in La Rochelle is the ideal starting point for discovering the maritime city.<\/p>\t\t\t\t\t\t\t\t<\/div>\n\t\t\t\t\t<\/div>\n\t\t<\/div>\n\t\t\t\t\t<\/div>\n\t\t<\/section>\n\t\t\t\t<section class=\"elementor-section elementor-top-section elementor-element elementor-element-d72efe0 elementor-section-boxed elementor-section-height-default elementor-section-height-default\" data-id=\"d72efe0\" data-element_type=\"section\" data-e-type=\"section\" data-settings=\"{&quot;background_background&quot;:&quot;classic&quot;}\">\n\t\t\t\t\t\t<div class=\"elementor-container elementor-column-gap-default\">\n\t\t\t\t\t<div class=\"elementor-column elementor-col-100 elementor-top-column elementor-element elementor-element-c115676\" data-id=\"c115676\" data-element_type=\"column\" data-e-type=\"column\">\n\t\t\t<div class=\"elementor-widget-wrap elementor-element-populated\">\n\t\t\t\t\t\t<div class=\"elementor-element elementor-element-26e5f86 elementor-widget elementor-widget-spacer\" data-id=\"26e5f86\" data-element_type=\"widget\" data-e-type=\"widget\" data-widget_type=\"spacer.default\">\n\t\t\t\t\t\t\t<div class=\"elementor-spacer\">\n\t\t\t<div class=\"elementor-spacer-inner\"><\/div>\n\t\t<\/div>\n\t\t\t\t\t\t<\/div>\n\t\t\t\t\t<\/div>\n\t\t<\/div>\n\t\t\t\t\t<\/div>\n\t\t<\/section>\n\t\t\t\t<\/div>","protected":false},"excerpt":{"rendered":"<p>Le Saint-Nicolas boutique h\u00f4tel \u00e0 La Rochelle pour vos s\u00e9jours de tourisme ou d\u2019affaires Au c\u0153ur de la ville, notre boutique h\u00f4tel \u00e0 La Rochelle emprunte son nom \u00e0 son quartier d\u2019accueil. Le Saint-Nicolas vous invite \u00e0 faire une escale cosy et confortable pour vous consacrer aux nombreuses activit\u00e9s offertes par cette charmante destination. L\u2019Histoire [&hellip;]<\/p>\n","protected":false},"author":7,"featured_media":0,"parent":0,"menu_order":18,"comment_status":"closed","ping_status":"closed","template":"","meta":{"inline_featured_image":false,"footnotes":""},"categories":[],"class_list":["post-4290","page","type-page","status-publish","hentry"],"_links":{"self":[{"href":"https:\/\/www.hotel-saint-nicolas.com\/en\/wp-json\/wp\/v2\/pages\/4290","targetHints":{"allow":["GET"]}}],"collection":[{"href":"https:\/\/www.hotel-saint-nicolas.com\/en\/wp-json\/wp\/v2\/pages"}],"about":[{"href":"https:\/\/www.hotel-saint-nicolas.com\/en\/wp-json\/wp\/v2\/types\/page"}],"author":[{"embeddable":true,"href":"https:\/\/www.hotel-saint-nicolas.com\/en\/wp-json\/wp\/v2\/users\/7"}],"replies":[{"embeddable":true,"href":"https:\/\/www.hotel-saint-nicolas.com\/en\/wp-json\/wp\/v2\/comments?post=4290"}],"version-history":[{"count":41,"href":"https:\/\/www.hotel-saint-nicolas.com\/en\/wp-json\/wp\/v2\/pages\/4290\/revisions"}],"predecessor-version":[{"id":5489,"href":"https:\/\/www.hotel-saint-nicolas.com\/en\/wp-json\/wp\/v2\/pages\/4290\/revisions\/5489"}],"wp:attachment":[{"href":"https:\/\/www.hotel-saint-nicolas.com\/en\/wp-json\/wp\/v2\/media?parent=4290"}],"wp:term":[{"taxonomy":"category","embeddable":true,"href":"https:\/\/www.hotel-saint-nicolas.com\/en\/wp-json\/wp\/v2\/categories?post=4290"}],"curies":[{"name":"wp","href":"https:\/\/api.w.org\/{rel}","templated":true}]}}