{"id":212,"date":"2023-02-14T11:13:34","date_gmt":"2023-02-14T10:13:13","guid":{"rendered":"https:\/\/www.hotel-saint-nicolas.com\/nos-engagements\/"},"modified":"2026-04-23T11:58:49","modified_gmt":"2026-04-23T09:58:49","slug":"our-values","status":"publish","type":"page","link":"https:\/\/www.hotel-saint-nicolas.com\/en\/nos-valeurs\/","title":{"rendered":"Our values"},"content":{"rendered":"<div data-elementor-type=\"wp-page\" data-elementor-id=\"212\" class=\"elementor elementor-212\" data-elementor-post-type=\"page\">\n\t\t\t\t\t\t<section class=\"elementor-section elementor-top-section elementor-element elementor-element-75d3d51 elementor-section-boxed elementor-section-height-default elementor-section-height-default\" data-id=\"75d3d51\" data-element_type=\"section\" data-e-type=\"section\" data-settings=\"{&quot;background_background&quot;:&quot;classic&quot;}\">\n\t\t\t\t\t\t<div class=\"elementor-container elementor-column-gap-default\">\n\t\t\t\t\t<div class=\"elementor-column elementor-col-100 elementor-top-column elementor-element elementor-element-474e504\" data-id=\"474e504\" data-element_type=\"column\" data-e-type=\"column\">\n\t\t\t<div class=\"elementor-widget-wrap elementor-element-populated\">\n\t\t\t\t\t\t<div class=\"elementor-element elementor-element-ee41fcf elementor-widget elementor-widget-image\" data-id=\"ee41fcf\" data-element_type=\"widget\" data-e-type=\"widget\" data-widget_type=\"image.default\">\n\t\t\t\t\t\t\t\t\t\t\t\t\t\t\t<img fetchpriority=\"high\" decoding=\"async\" width=\"1707\" height=\"2560\" src=\"https:\/\/www.hotel-saint-nicolas.com\/wp-content\/uploads\/2025\/07\/Le-Saint-Nicolas-Hotel-La-Rochelle-Plantes-Vertes2-scaled.jpg\" class=\"attachment-full size-full wp-image-5314\" alt=\"\" srcset=\"https:\/\/www.hotel-saint-nicolas.com\/wp-content\/uploads\/2025\/07\/Le-Saint-Nicolas-Hotel-La-Rochelle-Plantes-Vertes2-scaled.jpg 1707w, https:\/\/www.hotel-saint-nicolas.com\/wp-content\/uploads\/2025\/07\/Le-Saint-Nicolas-Hotel-La-Rochelle-Plantes-Vertes2-200x300.jpg 200w, https:\/\/www.hotel-saint-nicolas.com\/wp-content\/uploads\/2025\/07\/Le-Saint-Nicolas-Hotel-La-Rochelle-Plantes-Vertes2-683x1024.jpg 683w, https:\/\/www.hotel-saint-nicolas.com\/wp-content\/uploads\/2025\/07\/Le-Saint-Nicolas-Hotel-La-Rochelle-Plantes-Vertes2-768x1152.jpg 768w, https:\/\/www.hotel-saint-nicolas.com\/wp-content\/uploads\/2025\/07\/Le-Saint-Nicolas-Hotel-La-Rochelle-Plantes-Vertes2-1024x1536.jpg 1024w, https:\/\/www.hotel-saint-nicolas.com\/wp-content\/uploads\/2025\/07\/Le-Saint-Nicolas-Hotel-La-Rochelle-Plantes-Vertes2-1366x2048.jpg 1366w, https:\/\/www.hotel-saint-nicolas.com\/wp-content\/uploads\/2025\/07\/Le-Saint-Nicolas-Hotel-La-Rochelle-Plantes-Vertes2-8x12.jpg 8w\" sizes=\"(max-width: 1707px) 100vw, 1707px\" title=\"Photo -\">\t\t\t\t\t\t\t\t\t\t\t\t\t\t\t<\/div>\n\t\t\t\t\t<\/div>\n\t\t<\/div>\n\t\t\t\t\t<\/div>\n\t\t<\/section>\n\t\t\t\t<section class=\"elementor-section elementor-top-section elementor-element elementor-element-afc66f9 elementor-section-boxed elementor-section-height-default elementor-section-height-default\" data-id=\"afc66f9\" data-element_type=\"section\" data-e-type=\"section\" data-settings=\"{&quot;background_background&quot;:&quot;classic&quot;}\">\n\t\t\t\t\t\t<div class=\"elementor-container elementor-column-gap-default\">\n\t\t\t\t\t<div class=\"elementor-column elementor-col-100 elementor-top-column elementor-element elementor-element-7b66e94\" data-id=\"7b66e94\" data-element_type=\"column\" data-e-type=\"column\">\n\t\t\t<div class=\"elementor-widget-wrap elementor-element-populated\">\n\t\t\t\t\t\t<div class=\"elementor-element elementor-element-b34c9cc elementor-widget elementor-widget-heading\" data-id=\"b34c9cc\" data-element_type=\"widget\" data-e-type=\"widget\" data-widget_type=\"heading.default\">\n\t\t\t\t\t<h1 class=\"elementor-heading-title elementor-size-default\">DISCOVER OUR values<\/h1>\t\t\t\t<\/div>\n\t\t\t\t<div class=\"elementor-element elementor-element-6505d95 elementor-widget elementor-widget-heading\" data-id=\"6505d95\" data-element_type=\"widget\" data-e-type=\"widget\" data-widget_type=\"heading.default\">\n\t\t\t\t\t<h2 class=\"elementor-heading-title elementor-size-default\">WELL-BEING OF OUR TEAMS, CUSTOMER SATISFACTION, CSR COMMITMENT...<\/h2>\t\t\t\t<\/div>\n\t\t\t\t<div class=\"elementor-element elementor-element-41b6472 elementor-widget__width-initial elementor-widget elementor-widget-text-editor\" data-id=\"41b6472\" data-element_type=\"widget\" data-e-type=\"widget\" data-widget_type=\"text-editor.default\">\n\t\t\t\t\t\t\t\t\t<p><strong>The Hotel Saint-Nicolas is part of the constellation <a href=\"https:\/\/www.cosy-hotels.net\/fr\/\" target=\"_blank\" rel=\"noopener nofollow\">Cosy Hotels<\/a><\/strong>starred hotels and seminar venues in the heart of La Rochelle.<\/p><p>The Cosy Hotels are a unique offer in La Rochelle. With 3 hotels of different ranges and high quality seminar rooms in the city centre,\u00a0<strong>our independent and non-standardised hotel group will meet all your needs\u00a0<\/strong>in terms of accommodation and organisation of professional events.<\/p>\t\t\t\t\t\t\t\t<\/div>\n\t\t\t\t<div class=\"elementor-element elementor-element-b67da5d elementor-widget elementor-widget-heading\" data-id=\"b67da5d\" data-element_type=\"widget\" data-e-type=\"widget\" data-widget_type=\"heading.default\">\n\t\t\t\t\t<h2 class=\"elementor-heading-title elementor-size-default\">CUSTOMER SATISFACTION<\/h2>\t\t\t\t<\/div>\n\t\t\t\t<div class=\"elementor-element elementor-element-c08578c elementor-widget__width-initial elementor-widget elementor-widget-text-editor\" data-id=\"c08578c\" data-element_type=\"widget\" data-e-type=\"widget\" data-widget_type=\"text-editor.default\">\n\t\t\t\t\t\t\t\t\t<p>Even before the opinions were available on the Internet, we were already vigilant about\u00a0<strong>customer satisfaction<\/strong>We are also committed to incorporating their recommendations. Our hotels are praised by our many loyal customers who praise us for the cleanliness of our hotels,\u00a0<strong>the quality of our welcome<\/strong>,\u00a0<strong>of our breakfasts<\/strong>,\u00a0<strong>the comfort of our equipment<\/strong>. Check out the customer reviews... We're proud of them!<\/p>\t\t\t\t\t\t\t\t<\/div>\n\t\t\t\t<div class=\"elementor-element elementor-element-f39bd6a elementor-widget elementor-widget-heading\" data-id=\"f39bd6a\" data-element_type=\"widget\" data-e-type=\"widget\" data-widget_type=\"heading.default\">\n\t\t\t\t\t<h2 class=\"elementor-heading-title elementor-size-default\">WELL-BEING OF OUR TEAMS<\/h2>\t\t\t\t<\/div>\n\t\t\t\t<div class=\"elementor-element elementor-element-b9c6d22 elementor-widget__width-initial elementor-widget elementor-widget-text-editor\" data-id=\"b9c6d22\" data-element_type=\"widget\" data-e-type=\"widget\" data-widget_type=\"text-editor.default\">\n\t\t\t\t\t\t\t\t\t<p>We work on our\u00a0<strong>CSR policy<\/strong>\u00a0for our teams to flourish. We are sensitive to\u00a0<strong>Training, welcoming our customers, safety and hygiene rules, good language skills...\u00a0<\/strong>We welcome trainees and qualification contracts, some of whom join our teams on completion of their studies. We also encourage internal mobility: one of our night receptionists became a hotel manager in a few years. In short, we do everything to ensure that\u00a0<strong>our team is happy, to serve our customers with a smile<\/strong>.<\/p>\t\t\t\t\t\t\t\t<\/div>\n\t\t\t\t<div class=\"elementor-element elementor-element-cc5baa5 elementor-widget elementor-widget-heading\" data-id=\"cc5baa5\" data-element_type=\"widget\" data-e-type=\"widget\" data-widget_type=\"heading.default\">\n\t\t\t\t\t<h2 class=\"elementor-heading-title elementor-size-default\">SUSTAINABLE TOURISM<\/h2>\t\t\t\t<\/div>\n\t\t\t\t<div class=\"elementor-element elementor-element-929c507 elementor-widget__width-initial elementor-widget elementor-widget-text-editor\" data-id=\"929c507\" data-element_type=\"widget\" data-e-type=\"widget\" data-widget_type=\"text-editor.default\">\n\t\t\t\t\t\t\t\t\t<p>As part of our <strong>CSR policy<\/strong>, The Cosy H\u00f4tels are located in a largely unspoilt region, between the Marais Poitevin, the \u00cele de R\u00e9 and the Bay of Aiguillon. We benefit from the attractions of the ocean and are committed to respecting this exceptional environment. <strong>by actively contributing to its protection<\/strong>.<br \/>Our establishments have been committed to sustainable development for many years, through the implementation of concrete actions aimed at <strong>limit our environmental impact.<\/strong><\/p><p>In 2026, our hotel is proud to be a winner of the <a href=\"https:\/\/www.laclefverte.org\/\" rel=\"nofollow noopener\" target=\"_blank\">Green Key label<\/a>, This is the first international sustainable tourism label for tourist accommodation. This distinction rewards establishments committed to a demanding environmental approach, based in particular on responsible management of resources (water, energy), waste reduction, responsible purchasing and raising awareness of eco-actions among staff and customers.<\/p><p>Our <strong>purchasing policy<\/strong> contributes to reducing our environmental footprint: use of Ecolabel-certified cleaning products, thermal insulation programmes, air-conditioning control systems to reduce energy consumption, selection of local producers, selective sorting policy, partnership with <a href=\"https:\/\/www.altergaia.fr\/\" rel=\"nofollow noopener\" target=\"_blank\">Alter Ga\u00efa<\/a> for the collection of our bio-waste.<\/p><p>We are also developing partnerships with local, national and international associations: installation of beehives on the roofs of our hotels (<a href=\"https:\/\/www.lesailesdelavie.org\/\" rel=\"nofollow noopener\" target=\"_blank\">The Wings of Life<\/a>), installation of nesting boxes for local fauna with <a href=\"https:\/\/nichoirs-pour-oiseaux.com\/\" rel=\"nofollow noopener\" target=\"_blank\">Nat'H Nature Harmonie<\/a>, participation in programmes to protect the sea, fauna and flora (<a href=\"https:\/\/echo-mer.com\/\" target=\"_blank\" rel=\"noopener nofollow\">Echo-Mer<\/a>, <a href=\"https:\/\/surfrider.eu\/\" target=\"_blank\" rel=\"noopener nofollow\">SurfRider Europe<\/a>, <a href=\"https:\/\/www.lagrandecollecte.org\/\" rel=\"nofollow noopener\" target=\"_blank\">The Great Collection<\/a>). In 2025, we helped finance an orchard in Long\u00e8ves as part of the <a href=\"https:\/\/larochelle.cooperativecarbone.fr\/\" rel=\"nofollow noopener\" target=\"_blank\">the Coop\u00e9rative Carbone<\/a>, This will sequester 30 tonnes of CO\u2082 equivalent over 30 years.<br \/>Finally, by encouraging our employees to use bicycles or public transport for their business trips, we hope to mobilise everyone around a common goal: preserving our planet in the long term.<br \/>Find out more about our commitments in our <a href=\"https:\/\/www.hotel-saint-nicolas.com\/wp-content\/uploads\/2026\/04\/2024-2026_HSN-Charte-environnementale-Cosy-Hotels.pdf\">CSR charter<\/a>.<\/p>\t\t\t\t\t\t\t\t<\/div>\n\t\t\t\t<div class=\"elementor-element elementor-element-bb5cc2c elementor-widget elementor-widget-heading\" data-id=\"bb5cc2c\" data-element_type=\"widget\" data-e-type=\"widget\" data-widget_type=\"heading.default\">\n\t\t\t\t\t<h2 class=\"elementor-heading-title elementor-size-default\">CONTINUOUS IMPROVEMENT OF OUR OFFER\n<\/h2>\t\t\t\t<\/div>\n\t\t\t\t<div class=\"elementor-element elementor-element-81952b7 elementor-widget__width-initial elementor-widget elementor-widget-text-editor\" data-id=\"81952b7\" data-element_type=\"widget\" data-e-type=\"widget\" data-widget_type=\"text-editor.default\">\n\t\t\t\t\t\t\t\t\t<p>Every year,\u00a0<strong>we plan various investments<\/strong>\u00a0to beautify our hotel rooms, improve the decoration of our living spaces and\u00a0<strong>make our hotels ever more cosy<\/strong>. We are also investing to improve comfort: bedding, practical and elegant furniture, quieter air-conditioning, studied light and sound, deployment of the latest digital and video equipment.<\/p>\t\t\t\t\t\t\t\t<\/div>\n\t\t\t\t\t<\/div>\n\t\t<\/div>\n\t\t\t\t\t<\/div>\n\t\t<\/section>\n\t\t\t\t<\/div>","protected":false},"excerpt":{"rendered":"<p>D\u00c9COUVREZ NOS valeurs BIEN-\u00caTRE DE NOS \u00c9QUIPES, SATISFACTION DE NOS CLIENTS, ENGAGEMENT RSE&#8230; L&rsquo;H\u00f4tel Saint-Nicolas fait partie de la constellation Cosy H\u00f4tels, des h\u00f4tels et lieux de s\u00e9minaires \u00e9toil\u00e9s au c\u0153ur de La Rochelle. Les Cosy H\u00f4tels constituent une offre unique \u00e0 La Rochelle. Avec 3 h\u00f4tels de gammes diff\u00e9rentes et des espaces s\u00e9minaires de [&hellip;]<\/p>\n","protected":false},"author":6,"featured_media":0,"parent":0,"menu_order":15,"comment_status":"closed","ping_status":"closed","template":"","meta":{"inline_featured_image":false,"footnotes":""},"categories":[],"class_list":["post-212","page","type-page","status-publish","hentry"],"_links":{"self":[{"href":"https:\/\/www.hotel-saint-nicolas.com\/en\/wp-json\/wp\/v2\/pages\/212","targetHints":{"allow":["GET"]}}],"collection":[{"href":"https:\/\/www.hotel-saint-nicolas.com\/en\/wp-json\/wp\/v2\/pages"}],"about":[{"href":"https:\/\/www.hotel-saint-nicolas.com\/en\/wp-json\/wp\/v2\/types\/page"}],"author":[{"embeddable":true,"href":"https:\/\/www.hotel-saint-nicolas.com\/en\/wp-json\/wp\/v2\/users\/6"}],"replies":[{"embeddable":true,"href":"https:\/\/www.hotel-saint-nicolas.com\/en\/wp-json\/wp\/v2\/comments?post=212"}],"version-history":[{"count":65,"href":"https:\/\/www.hotel-saint-nicolas.com\/en\/wp-json\/wp\/v2\/pages\/212\/revisions"}],"predecessor-version":[{"id":5906,"href":"https:\/\/www.hotel-saint-nicolas.com\/en\/wp-json\/wp\/v2\/pages\/212\/revisions\/5906"}],"wp:attachment":[{"href":"https:\/\/www.hotel-saint-nicolas.com\/en\/wp-json\/wp\/v2\/media?parent=212"}],"wp:term":[{"taxonomy":"category","embeddable":true,"href":"https:\/\/www.hotel-saint-nicolas.com\/en\/wp-json\/wp\/v2\/categories?post=212"}],"curies":[{"name":"wp","href":"https:\/\/api.w.org\/{rel}","templated":true}]}}